{"id":37314,"date":"2023-03-30T13:22:07","date_gmt":"2023-03-30T13:22:07","guid":{"rendered":"https:\/\/festivalravel.fr\/academie-2023\/"},"modified":"2023-03-30T13:22:07","modified_gmt":"2023-03-30T13:22:07","slug":"academie-2023","status":"publish","type":"page","link":"https:\/\/festivalravel.fr\/en\/academie-2023\/","title":{"rendered":"Acad\u00e9mie Ravel 2023"},"content":{"rendered":"<p>Au cours de plus de 50 ann\u00e9es d&#8217;existence, marqu\u00e9es par la venue des plus grands artistes-p\u00e9dagogues, l&#8217;Acad\u00e9mie a accompagn\u00e9 plusieurs g\u00e9n\u00e9rations de jeunes musiciens aujourd&#8217;hui au sommet. Elle s&#8217;inscrit d\u00e9sormais dans le nouveau projet du Festival Ravel, \u00e9v\u00e9nement majeur du calendrier musical fran\u00e7ais et international.<\/p>\n<p>La tradition des master-classes publiques, profond\u00e9ment ancr\u00e9e dans l&#8217;histoire, se perp\u00e9tue autour d&#8217;un nombre de participants r\u00e9duit \u00e0 6 par classe. Chaque \u00e9tudiant recevra un minimum de 8 heures d&#8217;enseignement sur la p\u00e9riode, en plus des master-classes publiques. Le r\u00e9pertoire propos\u00e9 devra inclure une pi\u00e8ce au moins du r\u00e9pertoire fran\u00e7ais et une pi\u00e8ce contemporaine (\u00e9crite depuis 1970) en plus, bien s\u00fbr, d\u2019\u0153uvres du r\u00e9pertoire traditionnel.<\/p>\n<p>Comme vous pourrez le d\u00e9couvrir dans le programme ci-apr\u00e8s, cette ann\u00e9e encore,\u00a0le coll\u00e8ge des professeurs est prestigieux.<\/p>\n","protected":false},"excerpt":{"rendered":"<p>Au cours de plus de 50 ann\u00e9es d&#8217;existence, marqu\u00e9es par la venue des plus grands artistes-p\u00e9dagogues, l&#8217;Acad\u00e9mie a accompagn\u00e9 plusieurs g\u00e9n\u00e9rations de jeunes musiciens aujourd&#8217;hui au sommet. Elle s&#8217;inscrit d\u00e9sormais dans le nouveau projet du Festival Ravel, \u00e9v\u00e9nement majeur du calendrier musical fran\u00e7ais et international. La tradition des master-classes publiques, profond\u00e9ment ancr\u00e9e dans l&#8217;histoire, se [&hellip;]<\/p>\n","protected":false},"author":3,"featured_media":30368,"parent":0,"menu_order":0,"comment_status":"closed","ping_status":"closed","template":"academie.php","meta":{"_acf_changed":false,"footnotes":""},"class_list":["post-37314","page","type-page","status-publish","has-post-thumbnail","hentry"],"acf":[],"yoast_head":"<!-- This site is optimized with the Yoast SEO plugin v26.5 - https:\/\/yoast.com\/wordpress\/plugins\/seo\/ -->\n<title>Acad\u00e9mie Ravel 2023 - Festival Ravel<\/title>\n<meta name=\"robots\" content=\"index, follow, max-snippet:-1, max-image-preview:large, max-video-preview:-1\" \/>\n<link rel=\"canonical\" href=\"https:\/\/festivalravel.fr\/academie-2023\/\" \/>\n<meta property=\"og:locale\" content=\"en_US\" \/>\n<meta property=\"og:type\" content=\"article\" \/>\n<meta property=\"og:title\" content=\"Acad\u00e9mie Ravel 2023 - Festival Ravel\" \/>\n<meta property=\"og:description\" content=\"Au cours de plus de 50 ann\u00e9es d&#8217;existence, marqu\u00e9es par la venue des plus grands artistes-p\u00e9dagogues, l&#8217;Acad\u00e9mie a accompagn\u00e9 plusieurs g\u00e9n\u00e9rations de jeunes musiciens aujourd&#8217;hui au sommet. Elle s&#8217;inscrit d\u00e9sormais dans le nouveau projet du Festival Ravel, \u00e9v\u00e9nement majeur du calendrier musical fran\u00e7ais et international. La tradition des master-classes publiques, profond\u00e9ment ancr\u00e9e dans l&#8217;histoire, se [&hellip;]\" \/>\n<meta property=\"og:url\" content=\"https:\/\/festivalravel.fr\/academie-2023\/\" \/>\n<meta property=\"og:site_name\" content=\"Festival Ravel\" \/>\n<meta property=\"og:image\" content=\"https:\/\/festivalravel.fr\/wp-content\/uploads\/2023\/03\/Couverture-Brochure_ACADEMIE-RAVEL-2023.jpg\" \/>\n\t<meta property=\"og:image:width\" content=\"1769\" \/>\n\t<meta property=\"og:image:height\" content=\"2481\" \/>\n\t<meta property=\"og:image:type\" content=\"image\/jpeg\" \/>\n<meta name=\"twitter:card\" content=\"summary_large_image\" \/>\n<meta name=\"twitter:label1\" content=\"Est. reading time\" \/>\n\t<meta name=\"twitter:data1\" content=\"1 minute\" \/>\n<script type=\"application\/ld+json\" class=\"yoast-schema-graph\">{\"@context\":\"https:\/\/schema.org\",\"@graph\":[{\"@type\":\"WebPage\",\"@id\":\"https:\/\/festivalravel.fr\/academie-2023\/\",\"url\":\"https:\/\/festivalravel.fr\/academie-2023\/\",\"name\":\"Acad\u00e9mie Ravel 2023 - Festival Ravel\",\"isPartOf\":{\"@id\":\"https:\/\/festivalravel.fr\/#website\"},\"primaryImageOfPage\":{\"@id\":\"https:\/\/festivalravel.fr\/academie-2023\/#primaryimage\"},\"image\":{\"@id\":\"https:\/\/festivalravel.fr\/academie-2023\/#primaryimage\"},\"thumbnailUrl\":\"https:\/\/festivalravel.fr\/wp-content\/uploads\/2023\/03\/Couverture-Brochure_ACADEMIE-RAVEL-2023.jpg\",\"datePublished\":\"2023-03-30T13:22:07+00:00\",\"breadcrumb\":{\"@id\":\"https:\/\/festivalravel.fr\/academie-2023\/#breadcrumb\"},\"inLanguage\":\"en-US\",\"potentialAction\":[{\"@type\":\"ReadAction\",\"target\":[\"https:\/\/festivalravel.fr\/academie-2023\/\"]}]},{\"@type\":\"ImageObject\",\"inLanguage\":\"en-US\",\"@id\":\"https:\/\/festivalravel.fr\/academie-2023\/#primaryimage\",\"url\":\"https:\/\/festivalravel.fr\/wp-content\/uploads\/2023\/03\/Couverture-Brochure_ACADEMIE-RAVEL-2023.jpg\",\"contentUrl\":\"https:\/\/festivalravel.fr\/wp-content\/uploads\/2023\/03\/Couverture-Brochure_ACADEMIE-RAVEL-2023.jpg\",\"width\":1769,\"height\":2481},{\"@type\":\"BreadcrumbList\",\"@id\":\"https:\/\/festivalravel.fr\/academie-2023\/#breadcrumb\",\"itemListElement\":[{\"@type\":\"ListItem\",\"position\":1,\"name\":\"Accueil\",\"item\":\"https:\/\/festivalravel.fr\/en\/\"},{\"@type\":\"ListItem\",\"position\":2,\"name\":\"Acad\u00e9mie Ravel 2023\"}]},{\"@type\":\"WebSite\",\"@id\":\"https:\/\/festivalravel.fr\/#website\",\"url\":\"https:\/\/festivalravel.fr\/\",\"name\":\"Festival Ravel\",\"description\":\"Un grand rendez-vous musical en Nouvelle Aquitaine\",\"potentialAction\":[{\"@type\":\"SearchAction\",\"target\":{\"@type\":\"EntryPoint\",\"urlTemplate\":\"https:\/\/festivalravel.fr\/?s={search_term_string}\"},\"query-input\":{\"@type\":\"PropertyValueSpecification\",\"valueRequired\":true,\"valueName\":\"search_term_string\"}}],\"inLanguage\":\"en-US\"}]}<\/script>\n<!-- \/ Yoast SEO plugin. -->","yoast_head_json":{"title":"Acad\u00e9mie Ravel 2023 - Festival Ravel","robots":{"index":"index","follow":"follow","max-snippet":"max-snippet:-1","max-image-preview":"max-image-preview:large","max-video-preview":"max-video-preview:-1"},"canonical":"https:\/\/festivalravel.fr\/academie-2023\/","og_locale":"en_US","og_type":"article","og_title":"Acad\u00e9mie Ravel 2023 - Festival Ravel","og_description":"Au cours de plus de 50 ann\u00e9es d&#8217;existence, marqu\u00e9es par la venue des plus grands artistes-p\u00e9dagogues, l&#8217;Acad\u00e9mie a accompagn\u00e9 plusieurs g\u00e9n\u00e9rations de jeunes musiciens aujourd&#8217;hui au sommet. Elle s&#8217;inscrit d\u00e9sormais dans le nouveau projet du Festival Ravel, \u00e9v\u00e9nement majeur du calendrier musical fran\u00e7ais et international. La tradition des master-classes publiques, profond\u00e9ment ancr\u00e9e dans l&#8217;histoire, se [&hellip;]","og_url":"https:\/\/festivalravel.fr\/academie-2023\/","og_site_name":"Festival Ravel","og_image":[{"width":1769,"height":2481,"url":"https:\/\/festivalravel.fr\/wp-content\/uploads\/2023\/03\/Couverture-Brochure_ACADEMIE-RAVEL-2023.jpg","type":"image\/jpeg"}],"twitter_card":"summary_large_image","twitter_misc":{"Est. reading time":"1 minute"},"schema":{"@context":"https:\/\/schema.org","@graph":[{"@type":"WebPage","@id":"https:\/\/festivalravel.fr\/academie-2023\/","url":"https:\/\/festivalravel.fr\/academie-2023\/","name":"Acad\u00e9mie Ravel 2023 - Festival Ravel","isPartOf":{"@id":"https:\/\/festivalravel.fr\/#website"},"primaryImageOfPage":{"@id":"https:\/\/festivalravel.fr\/academie-2023\/#primaryimage"},"image":{"@id":"https:\/\/festivalravel.fr\/academie-2023\/#primaryimage"},"thumbnailUrl":"https:\/\/festivalravel.fr\/wp-content\/uploads\/2023\/03\/Couverture-Brochure_ACADEMIE-RAVEL-2023.jpg","datePublished":"2023-03-30T13:22:07+00:00","breadcrumb":{"@id":"https:\/\/festivalravel.fr\/academie-2023\/#breadcrumb"},"inLanguage":"en-US","potentialAction":[{"@type":"ReadAction","target":["https:\/\/festivalravel.fr\/academie-2023\/"]}]},{"@type":"ImageObject","inLanguage":"en-US","@id":"https:\/\/festivalravel.fr\/academie-2023\/#primaryimage","url":"https:\/\/festivalravel.fr\/wp-content\/uploads\/2023\/03\/Couverture-Brochure_ACADEMIE-RAVEL-2023.jpg","contentUrl":"https:\/\/festivalravel.fr\/wp-content\/uploads\/2023\/03\/Couverture-Brochure_ACADEMIE-RAVEL-2023.jpg","width":1769,"height":2481},{"@type":"BreadcrumbList","@id":"https:\/\/festivalravel.fr\/academie-2023\/#breadcrumb","itemListElement":[{"@type":"ListItem","position":1,"name":"Accueil","item":"https:\/\/festivalravel.fr\/en\/"},{"@type":"ListItem","position":2,"name":"Acad\u00e9mie Ravel 2023"}]},{"@type":"WebSite","@id":"https:\/\/festivalravel.fr\/#website","url":"https:\/\/festivalravel.fr\/","name":"Festival Ravel","description":"Un grand rendez-vous musical en Nouvelle Aquitaine","potentialAction":[{"@type":"SearchAction","target":{"@type":"EntryPoint","urlTemplate":"https:\/\/festivalravel.fr\/?s={search_term_string}"},"query-input":{"@type":"PropertyValueSpecification","valueRequired":true,"valueName":"search_term_string"}}],"inLanguage":"en-US"}]}},"_links":{"self":[{"href":"https:\/\/festivalravel.fr\/en\/wp-json\/wp\/v2\/pages\/37314","targetHints":{"allow":["GET"]}}],"collection":[{"href":"https:\/\/festivalravel.fr\/en\/wp-json\/wp\/v2\/pages"}],"about":[{"href":"https:\/\/festivalravel.fr\/en\/wp-json\/wp\/v2\/types\/page"}],"author":[{"embeddable":true,"href":"https:\/\/festivalravel.fr\/en\/wp-json\/wp\/v2\/users\/3"}],"replies":[{"embeddable":true,"href":"https:\/\/festivalravel.fr\/en\/wp-json\/wp\/v2\/comments?post=37314"}],"version-history":[{"count":0,"href":"https:\/\/festivalravel.fr\/en\/wp-json\/wp\/v2\/pages\/37314\/revisions"}],"wp:featuredmedia":[{"embeddable":true,"href":"https:\/\/festivalravel.fr\/en\/wp-json\/wp\/v2\/media\/30368"}],"wp:attachment":[{"href":"https:\/\/festivalravel.fr\/en\/wp-json\/wp\/v2\/media?parent=37314"}],"curies":[{"name":"wp","href":"https:\/\/api.w.org\/{rel}","templated":true}]}}