{"id":37312,"date":"2022-03-25T11:28:42","date_gmt":"2022-03-25T11:28:42","guid":{"rendered":"https:\/\/festivalravel.fr\/academie-2022\/"},"modified":"2022-03-25T11:28:42","modified_gmt":"2022-03-25T11:28:42","slug":"academie-2022","status":"publish","type":"page","link":"https:\/\/festivalravel.fr\/en\/academie-2022\/","title":{"rendered":"Acad\u00e9mie Ravel 2022"},"content":{"rendered":"<p>Au cours de ses 52 ann\u00e9es d\u2019existence, marqu\u00e9es par la venue des plus grands artistes-p\u00e9dagogues, l\u2019Acad\u00e9mie a accompagn\u00e9 plusieurs g\u00e9n\u00e9rations de jeunes musiciens aujourd\u2019hui au sommet. Elle s\u2019inscrit d\u00e9sormais dans le nouveau projet du Festival Ravel : manifestation internationale \u00e9troitement li\u00e9e \u00e0 l\u2019h\u00e9ritage, \u00e0 la fois musical et spirituel, de l\u2019auteur du Bol\u00e9ro.<\/p>\n<p>La tradition des cours publics, profond\u00e9ment ancr\u00e9e dans l\u2019histoire et suivie par un public fervent, se perp\u00e9tue autour d\u2019un nombre de participants limit\u00e9 \u00e0 6 par classe. Chaque \u00e9tudiant recevra donc un minimum de 8 heures d\u2019enseignement sur la p\u00e9riode, en plus des cours publics. Le r\u00e9pertoire propos\u00e9 devra inclure une ou plusieurs pi\u00e8ces de musique fran\u00e7aise, une pi\u00e8ce contemporaine, en plus, bien-s\u00fbr, d\u2019\u0153uvres du r\u00e9pertoire traditionnel.<\/p>\n<p>Comme vous pourrez le d\u00e9couvrir plus loin, le coll\u00e8ge des professeurs est prestigieux.<\/p>\n","protected":false},"excerpt":{"rendered":"<p>Au cours de ses 52 ann\u00e9es d\u2019existence, marqu\u00e9es par la venue des plus grands artistes-p\u00e9dagogues, l\u2019Acad\u00e9mie a accompagn\u00e9 plusieurs g\u00e9n\u00e9rations de jeunes musiciens aujourd\u2019hui au sommet. Elle s\u2019inscrit d\u00e9sormais dans le nouveau projet du Festival Ravel : manifestation internationale \u00e9troitement li\u00e9e \u00e0 l\u2019h\u00e9ritage, \u00e0 la fois musical et spirituel, de l\u2019auteur du Bol\u00e9ro. La tradition [&hellip;]<\/p>\n","protected":false},"author":1,"featured_media":29919,"parent":0,"menu_order":0,"comment_status":"closed","ping_status":"closed","template":"academie.php","meta":{"_acf_changed":false,"footnotes":""},"class_list":["post-37312","page","type-page","status-publish","has-post-thumbnail","hentry"],"acf":[],"yoast_head":"<!-- This site is optimized with the Yoast SEO plugin v26.5 - https:\/\/yoast.com\/wordpress\/plugins\/seo\/ -->\n<title>Acad\u00e9mie Ravel 2022 - Festival Ravel<\/title>\n<meta name=\"robots\" content=\"index, follow, max-snippet:-1, max-image-preview:large, max-video-preview:-1\" \/>\n<link rel=\"canonical\" href=\"https:\/\/festivalravel.fr\/en\/academie-2022\/\" \/>\n<meta property=\"og:locale\" content=\"en_US\" \/>\n<meta property=\"og:type\" content=\"article\" \/>\n<meta property=\"og:title\" content=\"Acad\u00e9mie Ravel 2022 - Festival Ravel\" \/>\n<meta property=\"og:description\" content=\"Au cours de ses 52 ann\u00e9es d\u2019existence, marqu\u00e9es par la venue des plus grands artistes-p\u00e9dagogues, l\u2019Acad\u00e9mie a accompagn\u00e9 plusieurs g\u00e9n\u00e9rations de jeunes musiciens aujourd\u2019hui au sommet. Elle s\u2019inscrit d\u00e9sormais dans le nouveau projet du Festival Ravel : manifestation internationale \u00e9troitement li\u00e9e \u00e0 l\u2019h\u00e9ritage, \u00e0 la fois musical et spirituel, de l\u2019auteur du Bol\u00e9ro. La tradition [&hellip;]\" \/>\n<meta property=\"og:url\" content=\"https:\/\/festivalravel.fr\/en\/academie-2022\/\" \/>\n<meta property=\"og:site_name\" content=\"Festival Ravel\" \/>\n<meta property=\"og:image\" content=\"https:\/\/festivalravel.fr\/wp-content\/uploads\/2022\/03\/academie-ravel-programme-2022.png\" \/>\n\t<meta property=\"og:image:width\" content=\"629\" \/>\n\t<meta property=\"og:image:height\" content=\"895\" \/>\n\t<meta property=\"og:image:type\" content=\"image\/png\" \/>\n<meta name=\"twitter:card\" content=\"summary_large_image\" \/>\n<meta name=\"twitter:label1\" content=\"Est. reading time\" \/>\n\t<meta name=\"twitter:data1\" content=\"1 minute\" \/>\n<script type=\"application\/ld+json\" class=\"yoast-schema-graph\">{\"@context\":\"https:\/\/schema.org\",\"@graph\":[{\"@type\":\"WebPage\",\"@id\":\"https:\/\/festivalravel.fr\/en\/academie-2022\/\",\"url\":\"https:\/\/festivalravel.fr\/en\/academie-2022\/\",\"name\":\"Acad\u00e9mie Ravel 2022 - Festival Ravel\",\"isPartOf\":{\"@id\":\"https:\/\/festivalravel.fr\/#website\"},\"primaryImageOfPage\":{\"@id\":\"https:\/\/festivalravel.fr\/en\/academie-2022\/#primaryimage\"},\"image\":{\"@id\":\"https:\/\/festivalravel.fr\/en\/academie-2022\/#primaryimage\"},\"thumbnailUrl\":\"https:\/\/festivalravel.fr\/wp-content\/uploads\/2022\/03\/academie-ravel-programme-2022.png\",\"datePublished\":\"2022-03-25T11:28:42+00:00\",\"breadcrumb\":{\"@id\":\"https:\/\/festivalravel.fr\/en\/academie-2022\/#breadcrumb\"},\"inLanguage\":\"en-US\",\"potentialAction\":[{\"@type\":\"ReadAction\",\"target\":[\"https:\/\/festivalravel.fr\/en\/academie-2022\/\"]}]},{\"@type\":\"ImageObject\",\"inLanguage\":\"en-US\",\"@id\":\"https:\/\/festivalravel.fr\/en\/academie-2022\/#primaryimage\",\"url\":\"https:\/\/festivalravel.fr\/wp-content\/uploads\/2022\/03\/academie-ravel-programme-2022.png\",\"contentUrl\":\"https:\/\/festivalravel.fr\/wp-content\/uploads\/2022\/03\/academie-ravel-programme-2022.png\",\"width\":629,\"height\":895,\"caption\":\"academie-ravel-programme-2022\"},{\"@type\":\"BreadcrumbList\",\"@id\":\"https:\/\/festivalravel.fr\/en\/academie-2022\/#breadcrumb\",\"itemListElement\":[{\"@type\":\"ListItem\",\"position\":1,\"name\":\"Accueil\",\"item\":\"https:\/\/festivalravel.fr\/en\/\"},{\"@type\":\"ListItem\",\"position\":2,\"name\":\"Acad\u00e9mie Ravel 2022\"}]},{\"@type\":\"WebSite\",\"@id\":\"https:\/\/festivalravel.fr\/#website\",\"url\":\"https:\/\/festivalravel.fr\/\",\"name\":\"Festival Ravel\",\"description\":\"Un grand rendez-vous musical en Nouvelle Aquitaine\",\"potentialAction\":[{\"@type\":\"SearchAction\",\"target\":{\"@type\":\"EntryPoint\",\"urlTemplate\":\"https:\/\/festivalravel.fr\/?s={search_term_string}\"},\"query-input\":{\"@type\":\"PropertyValueSpecification\",\"valueRequired\":true,\"valueName\":\"search_term_string\"}}],\"inLanguage\":\"en-US\"}]}<\/script>\n<!-- \/ Yoast SEO plugin. -->","yoast_head_json":{"title":"Acad\u00e9mie Ravel 2022 - Festival Ravel","robots":{"index":"index","follow":"follow","max-snippet":"max-snippet:-1","max-image-preview":"max-image-preview:large","max-video-preview":"max-video-preview:-1"},"canonical":"https:\/\/festivalravel.fr\/en\/academie-2022\/","og_locale":"en_US","og_type":"article","og_title":"Acad\u00e9mie Ravel 2022 - Festival Ravel","og_description":"Au cours de ses 52 ann\u00e9es d\u2019existence, marqu\u00e9es par la venue des plus grands artistes-p\u00e9dagogues, l\u2019Acad\u00e9mie a accompagn\u00e9 plusieurs g\u00e9n\u00e9rations de jeunes musiciens aujourd\u2019hui au sommet. Elle s\u2019inscrit d\u00e9sormais dans le nouveau projet du Festival Ravel : manifestation internationale \u00e9troitement li\u00e9e \u00e0 l\u2019h\u00e9ritage, \u00e0 la fois musical et spirituel, de l\u2019auteur du Bol\u00e9ro. La tradition [&hellip;]","og_url":"https:\/\/festivalravel.fr\/en\/academie-2022\/","og_site_name":"Festival Ravel","og_image":[{"width":629,"height":895,"url":"https:\/\/festivalravel.fr\/wp-content\/uploads\/2022\/03\/academie-ravel-programme-2022.png","type":"image\/png"}],"twitter_card":"summary_large_image","twitter_misc":{"Est. reading time":"1 minute"},"schema":{"@context":"https:\/\/schema.org","@graph":[{"@type":"WebPage","@id":"https:\/\/festivalravel.fr\/en\/academie-2022\/","url":"https:\/\/festivalravel.fr\/en\/academie-2022\/","name":"Acad\u00e9mie Ravel 2022 - Festival Ravel","isPartOf":{"@id":"https:\/\/festivalravel.fr\/#website"},"primaryImageOfPage":{"@id":"https:\/\/festivalravel.fr\/en\/academie-2022\/#primaryimage"},"image":{"@id":"https:\/\/festivalravel.fr\/en\/academie-2022\/#primaryimage"},"thumbnailUrl":"https:\/\/festivalravel.fr\/wp-content\/uploads\/2022\/03\/academie-ravel-programme-2022.png","datePublished":"2022-03-25T11:28:42+00:00","breadcrumb":{"@id":"https:\/\/festivalravel.fr\/en\/academie-2022\/#breadcrumb"},"inLanguage":"en-US","potentialAction":[{"@type":"ReadAction","target":["https:\/\/festivalravel.fr\/en\/academie-2022\/"]}]},{"@type":"ImageObject","inLanguage":"en-US","@id":"https:\/\/festivalravel.fr\/en\/academie-2022\/#primaryimage","url":"https:\/\/festivalravel.fr\/wp-content\/uploads\/2022\/03\/academie-ravel-programme-2022.png","contentUrl":"https:\/\/festivalravel.fr\/wp-content\/uploads\/2022\/03\/academie-ravel-programme-2022.png","width":629,"height":895,"caption":"academie-ravel-programme-2022"},{"@type":"BreadcrumbList","@id":"https:\/\/festivalravel.fr\/en\/academie-2022\/#breadcrumb","itemListElement":[{"@type":"ListItem","position":1,"name":"Accueil","item":"https:\/\/festivalravel.fr\/en\/"},{"@type":"ListItem","position":2,"name":"Acad\u00e9mie Ravel 2022"}]},{"@type":"WebSite","@id":"https:\/\/festivalravel.fr\/#website","url":"https:\/\/festivalravel.fr\/","name":"Festival Ravel","description":"Un grand rendez-vous musical en Nouvelle Aquitaine","potentialAction":[{"@type":"SearchAction","target":{"@type":"EntryPoint","urlTemplate":"https:\/\/festivalravel.fr\/?s={search_term_string}"},"query-input":{"@type":"PropertyValueSpecification","valueRequired":true,"valueName":"search_term_string"}}],"inLanguage":"en-US"}]}},"_links":{"self":[{"href":"https:\/\/festivalravel.fr\/en\/wp-json\/wp\/v2\/pages\/37312","targetHints":{"allow":["GET"]}}],"collection":[{"href":"https:\/\/festivalravel.fr\/en\/wp-json\/wp\/v2\/pages"}],"about":[{"href":"https:\/\/festivalravel.fr\/en\/wp-json\/wp\/v2\/types\/page"}],"author":[{"embeddable":true,"href":"https:\/\/festivalravel.fr\/en\/wp-json\/wp\/v2\/users\/1"}],"replies":[{"embeddable":true,"href":"https:\/\/festivalravel.fr\/en\/wp-json\/wp\/v2\/comments?post=37312"}],"version-history":[{"count":0,"href":"https:\/\/festivalravel.fr\/en\/wp-json\/wp\/v2\/pages\/37312\/revisions"}],"wp:featuredmedia":[{"embeddable":true,"href":"https:\/\/festivalravel.fr\/en\/wp-json\/wp\/v2\/media\/29919"}],"wp:attachment":[{"href":"https:\/\/festivalravel.fr\/en\/wp-json\/wp\/v2\/media?parent=37312"}],"curies":[{"name":"wp","href":"https:\/\/api.w.org\/{rel}","templated":true}]}}