{"id":31107,"date":"2024-03-06T10:02:23","date_gmt":"2024-03-06T10:02:23","guid":{"rendered":"https:\/\/festivalravel.fr\/academie\/"},"modified":"2025-02-25T04:04:56","modified_gmt":"2025-02-25T04:04:56","slug":"academie-2024","status":"publish","type":"page","link":"https:\/\/festivalravel.fr\/en\/academie-2024\/","title":{"rendered":"Acad\u00e9mie Ravel 2024"},"content":{"rendered":"<p>Nous sommes tr\u00e8s heureux de vous pr\u00e9senter la session 2024 de l\u2019Acad\u00e9mie Ravel.<br \/>\nC\u2019est un \u00e9v\u00e9nement d\u00e9sormais riche de plus de 50 ans d\u2019histoire, contribuant \u00e0 faire perdurer l\u2019h\u00e9ritage de Maurice Ravel et de ses contemporains, ainsi que la longue lign\u00e9e d\u2019un enseignement que l\u2019on a coutume d\u2019appeler l\u2019\u00e9cole fran\u00e7aise.<\/p>\n<p>La session 2024 est un subtil alliage entre continuit\u00e9 et renouveau. Elle s\u2019inscrit dans sa tradition tout en introduisant des \u00e9l\u00e9ments propres aux enjeux de notre \u00e9poque : les rencontres interculturelles, d\u2019o\u00f9 naissent la confrontation, la cr\u00e9ation, l\u2019exp\u00e9rience sc\u00e9nique. Le coll\u00e8ge des professeurs est ainsi compos\u00e9 de grands habitu\u00e9s mais aussi de nouvelles figures, apportant \u00e0 ces deux semaines intensives une dimension r\u00e9solument internationale. <span style=\"color: #1c2f76;\"><em><strong><a style=\"color: #1c2f76;\" href=\"https:\/\/festivalravel.fr\/academie-ravel-2024-edito-de-bertrand-chamayou\/\" target=\"_blank\" rel=\"noopener\">Lire la suite<\/a><\/strong><\/em><\/span><span id=\"more-14928\"><\/span><\/p>\n","protected":false},"excerpt":{"rendered":"<p>Nous sommes tr\u00e8s heureux de vous pr\u00e9senter la session 2024 de l\u2019Acad\u00e9mie Ravel. C\u2019est un \u00e9v\u00e9nement d\u00e9sormais riche de plus de 50 ans d\u2019histoire, contribuant \u00e0 faire perdurer l\u2019h\u00e9ritage de Maurice Ravel et de ses contemporains, ainsi que la longue lign\u00e9e d\u2019un enseignement que l\u2019on a coutume d\u2019appeler l\u2019\u00e9cole fran\u00e7aise. La session 2024 est un [&hellip;]<\/p>\n","protected":false},"author":3,"featured_media":30677,"parent":0,"menu_order":0,"comment_status":"closed","ping_status":"closed","template":"academie.php","meta":{"_acf_changed":false,"footnotes":""},"class_list":["post-31107","page","type-page","status-publish","has-post-thumbnail","hentry"],"acf":[],"yoast_head":"<!-- This site is optimized with the Yoast SEO plugin v26.5 - https:\/\/yoast.com\/wordpress\/plugins\/seo\/ -->\n<title>Acad\u00e9mie Ravel 2024 - Festival Ravel<\/title>\n<meta name=\"robots\" content=\"index, follow, max-snippet:-1, max-image-preview:large, max-video-preview:-1\" \/>\n<link rel=\"canonical\" href=\"https:\/\/festivalravel.fr\/academie-2024\/\" \/>\n<meta property=\"og:locale\" content=\"en_US\" \/>\n<meta property=\"og:type\" content=\"article\" \/>\n<meta property=\"og:title\" content=\"Acad\u00e9mie Ravel 2024 - Festival Ravel\" \/>\n<meta property=\"og:description\" content=\"Nous sommes tr\u00e8s heureux de vous pr\u00e9senter la session 2024 de l\u2019Acad\u00e9mie Ravel. C\u2019est un \u00e9v\u00e9nement d\u00e9sormais riche de plus de 50 ans d\u2019histoire, contribuant \u00e0 faire perdurer l\u2019h\u00e9ritage de Maurice Ravel et de ses contemporains, ainsi que la longue lign\u00e9e d\u2019un enseignement que l\u2019on a coutume d\u2019appeler l\u2019\u00e9cole fran\u00e7aise. La session 2024 est un [&hellip;]\" \/>\n<meta property=\"og:url\" content=\"https:\/\/festivalravel.fr\/academie-2024\/\" \/>\n<meta property=\"og:site_name\" content=\"Festival Ravel\" \/>\n<meta property=\"article:modified_time\" content=\"2025-02-25T04:04:56+00:00\" \/>\n<meta property=\"og:image\" content=\"https:\/\/festivalravel.fr\/wp-content\/uploads\/2024\/03\/Affiche_Academie_Ravel_2024_A3-sans-logos.jpg\" \/>\n\t<meta property=\"og:image:width\" content=\"1754\" \/>\n\t<meta property=\"og:image:height\" content=\"2480\" \/>\n\t<meta property=\"og:image:type\" content=\"image\/jpeg\" \/>\n<meta name=\"twitter:card\" content=\"summary_large_image\" \/>\n<meta name=\"twitter:label1\" content=\"Est. reading time\" \/>\n\t<meta name=\"twitter:data1\" content=\"1 minute\" \/>\n<script type=\"application\/ld+json\" class=\"yoast-schema-graph\">{\"@context\":\"https:\/\/schema.org\",\"@graph\":[{\"@type\":\"WebPage\",\"@id\":\"https:\/\/festivalravel.fr\/academie-2024\/\",\"url\":\"https:\/\/festivalravel.fr\/academie-2024\/\",\"name\":\"Acad\u00e9mie Ravel 2024 - Festival Ravel\",\"isPartOf\":{\"@id\":\"https:\/\/festivalravel.fr\/#website\"},\"primaryImageOfPage\":{\"@id\":\"https:\/\/festivalravel.fr\/academie-2024\/#primaryimage\"},\"image\":{\"@id\":\"https:\/\/festivalravel.fr\/academie-2024\/#primaryimage\"},\"thumbnailUrl\":\"https:\/\/festivalravel.fr\/wp-content\/uploads\/2024\/03\/Affiche_Academie_Ravel_2024_A3-sans-logos.jpg\",\"datePublished\":\"2024-03-06T10:02:23+00:00\",\"dateModified\":\"2025-02-25T04:04:56+00:00\",\"breadcrumb\":{\"@id\":\"https:\/\/festivalravel.fr\/academie-2024\/#breadcrumb\"},\"inLanguage\":\"en-US\",\"potentialAction\":[{\"@type\":\"ReadAction\",\"target\":[\"https:\/\/festivalravel.fr\/academie-2024\/\"]}]},{\"@type\":\"ImageObject\",\"inLanguage\":\"en-US\",\"@id\":\"https:\/\/festivalravel.fr\/academie-2024\/#primaryimage\",\"url\":\"https:\/\/festivalravel.fr\/wp-content\/uploads\/2024\/03\/Affiche_Academie_Ravel_2024_A3-sans-logos.jpg\",\"contentUrl\":\"https:\/\/festivalravel.fr\/wp-content\/uploads\/2024\/03\/Affiche_Academie_Ravel_2024_A3-sans-logos.jpg\",\"width\":1754,\"height\":2480},{\"@type\":\"BreadcrumbList\",\"@id\":\"https:\/\/festivalravel.fr\/academie-2024\/#breadcrumb\",\"itemListElement\":[{\"@type\":\"ListItem\",\"position\":1,\"name\":\"Accueil\",\"item\":\"https:\/\/festivalravel.fr\/en\/\"},{\"@type\":\"ListItem\",\"position\":2,\"name\":\"Acad\u00e9mie Ravel 2024\"}]},{\"@type\":\"WebSite\",\"@id\":\"https:\/\/festivalravel.fr\/#website\",\"url\":\"https:\/\/festivalravel.fr\/\",\"name\":\"Festival Ravel\",\"description\":\"Un grand rendez-vous musical en Nouvelle Aquitaine\",\"potentialAction\":[{\"@type\":\"SearchAction\",\"target\":{\"@type\":\"EntryPoint\",\"urlTemplate\":\"https:\/\/festivalravel.fr\/?s={search_term_string}\"},\"query-input\":{\"@type\":\"PropertyValueSpecification\",\"valueRequired\":true,\"valueName\":\"search_term_string\"}}],\"inLanguage\":\"en-US\"}]}<\/script>\n<!-- \/ Yoast SEO plugin. -->","yoast_head_json":{"title":"Acad\u00e9mie Ravel 2024 - Festival Ravel","robots":{"index":"index","follow":"follow","max-snippet":"max-snippet:-1","max-image-preview":"max-image-preview:large","max-video-preview":"max-video-preview:-1"},"canonical":"https:\/\/festivalravel.fr\/academie-2024\/","og_locale":"en_US","og_type":"article","og_title":"Acad\u00e9mie Ravel 2024 - Festival Ravel","og_description":"Nous sommes tr\u00e8s heureux de vous pr\u00e9senter la session 2024 de l\u2019Acad\u00e9mie Ravel. C\u2019est un \u00e9v\u00e9nement d\u00e9sormais riche de plus de 50 ans d\u2019histoire, contribuant \u00e0 faire perdurer l\u2019h\u00e9ritage de Maurice Ravel et de ses contemporains, ainsi que la longue lign\u00e9e d\u2019un enseignement que l\u2019on a coutume d\u2019appeler l\u2019\u00e9cole fran\u00e7aise. La session 2024 est un [&hellip;]","og_url":"https:\/\/festivalravel.fr\/academie-2024\/","og_site_name":"Festival Ravel","article_modified_time":"2025-02-25T04:04:56+00:00","og_image":[{"width":1754,"height":2480,"url":"https:\/\/festivalravel.fr\/wp-content\/uploads\/2024\/03\/Affiche_Academie_Ravel_2024_A3-sans-logos.jpg","type":"image\/jpeg"}],"twitter_card":"summary_large_image","twitter_misc":{"Est. reading time":"1 minute"},"schema":{"@context":"https:\/\/schema.org","@graph":[{"@type":"WebPage","@id":"https:\/\/festivalravel.fr\/academie-2024\/","url":"https:\/\/festivalravel.fr\/academie-2024\/","name":"Acad\u00e9mie Ravel 2024 - Festival Ravel","isPartOf":{"@id":"https:\/\/festivalravel.fr\/#website"},"primaryImageOfPage":{"@id":"https:\/\/festivalravel.fr\/academie-2024\/#primaryimage"},"image":{"@id":"https:\/\/festivalravel.fr\/academie-2024\/#primaryimage"},"thumbnailUrl":"https:\/\/festivalravel.fr\/wp-content\/uploads\/2024\/03\/Affiche_Academie_Ravel_2024_A3-sans-logos.jpg","datePublished":"2024-03-06T10:02:23+00:00","dateModified":"2025-02-25T04:04:56+00:00","breadcrumb":{"@id":"https:\/\/festivalravel.fr\/academie-2024\/#breadcrumb"},"inLanguage":"en-US","potentialAction":[{"@type":"ReadAction","target":["https:\/\/festivalravel.fr\/academie-2024\/"]}]},{"@type":"ImageObject","inLanguage":"en-US","@id":"https:\/\/festivalravel.fr\/academie-2024\/#primaryimage","url":"https:\/\/festivalravel.fr\/wp-content\/uploads\/2024\/03\/Affiche_Academie_Ravel_2024_A3-sans-logos.jpg","contentUrl":"https:\/\/festivalravel.fr\/wp-content\/uploads\/2024\/03\/Affiche_Academie_Ravel_2024_A3-sans-logos.jpg","width":1754,"height":2480},{"@type":"BreadcrumbList","@id":"https:\/\/festivalravel.fr\/academie-2024\/#breadcrumb","itemListElement":[{"@type":"ListItem","position":1,"name":"Accueil","item":"https:\/\/festivalravel.fr\/en\/"},{"@type":"ListItem","position":2,"name":"Acad\u00e9mie Ravel 2024"}]},{"@type":"WebSite","@id":"https:\/\/festivalravel.fr\/#website","url":"https:\/\/festivalravel.fr\/","name":"Festival Ravel","description":"Un grand rendez-vous musical en Nouvelle Aquitaine","potentialAction":[{"@type":"SearchAction","target":{"@type":"EntryPoint","urlTemplate":"https:\/\/festivalravel.fr\/?s={search_term_string}"},"query-input":{"@type":"PropertyValueSpecification","valueRequired":true,"valueName":"search_term_string"}}],"inLanguage":"en-US"}]}},"_links":{"self":[{"href":"https:\/\/festivalravel.fr\/en\/wp-json\/wp\/v2\/pages\/31107","targetHints":{"allow":["GET"]}}],"collection":[{"href":"https:\/\/festivalravel.fr\/en\/wp-json\/wp\/v2\/pages"}],"about":[{"href":"https:\/\/festivalravel.fr\/en\/wp-json\/wp\/v2\/types\/page"}],"author":[{"embeddable":true,"href":"https:\/\/festivalravel.fr\/en\/wp-json\/wp\/v2\/users\/3"}],"replies":[{"embeddable":true,"href":"https:\/\/festivalravel.fr\/en\/wp-json\/wp\/v2\/comments?post=31107"}],"version-history":[{"count":1,"href":"https:\/\/festivalravel.fr\/en\/wp-json\/wp\/v2\/pages\/31107\/revisions"}],"predecessor-version":[{"id":35083,"href":"https:\/\/festivalravel.fr\/en\/wp-json\/wp\/v2\/pages\/31107\/revisions\/35083"}],"wp:featuredmedia":[{"embeddable":true,"href":"https:\/\/festivalravel.fr\/en\/wp-json\/wp\/v2\/media\/30677"}],"wp:attachment":[{"href":"https:\/\/festivalravel.fr\/en\/wp-json\/wp\/v2\/media?parent=31107"}],"curies":[{"name":"wp","href":"https:\/\/api.w.org\/{rel}","templated":true}]}}