{"id":30025,"date":"2021-04-29T07:44:35","date_gmt":"2021-04-29T07:44:35","guid":{"rendered":"https:\/\/festivalravel.fr\/ravel-academy-2021\/"},"modified":"2025-02-25T04:24:32","modified_gmt":"2025-02-25T04:24:32","slug":"academie-2021","status":"publish","type":"page","link":"https:\/\/festivalravel.fr\/en\/academie-2021\/","title":{"rendered":"Acad\u00e9mie Ravel 2021"},"content":{"rendered":"\r\n<p>Au cours de plus de 50 ann\u00e9es d\u2019existence, marqu\u00e9es par la venue des plus grands artistes-p\u00e9dagogues: Bernac, Bacquier, Perlem\u00fcter, Ciccolini, Gendron, Ferras, Fleisher, B\u00e9roff, et tant d\u2019autres, l\u2019Acad\u00e9mie a accompagn\u00e9 plusieurs g\u00e9n\u00e9rations de jeunes musiciens aujourd\u2019hui au sommet. Elle s\u2019inscrit d\u00e9sormais dans le nouveau projet du Festival Ravel qui voit le jour en 2021: manifestation internationale \u00e9troitement li\u00e9e \u00e0 l\u2019h\u00e9ritage, \u00e0 la fois musical et spirituel, de l\u2019auteur du Bol\u00e9ro. La tradition des cours publics, profond\u00e9ment ancr\u00e9e dans l\u2019histoire et suivie par un public fervent, se perp\u00e9tue autour d\u2019un nombre plus restreint de participants qu\u2019auparavant : de 6 \u00e0 8 par classe. Chaque \u00e9tudiant recevra donc un minimum de 8 heures d\u2019enseignement sur la p\u00e9riode, en plus des cours publics. Le r\u00e9pertoire propos\u00e9 devra inclure une ou plusieurs pi\u00e8ces de musique fran\u00e7aise de toutes les \u00e9poques, en plus, bien-s\u00fbr, d\u2019\u0153uvres du r\u00e9pertoire traditionnel. Comme vous pourrez le d\u00e9couvrir plus loin, le coll\u00e8ge des professeurs est prestigieux.<\/p>\r\n","protected":false},"excerpt":{"rendered":"<p>Au cours de plus de 50 ann\u00e9es d\u2019existence, marqu\u00e9es par la venue des plus grands artistes-p\u00e9dagogues: Bernac, Bacquier, Perlem\u00fcter, Ciccolini, Gendron, Ferras, Fleisher, B\u00e9roff, et tant d\u2019autres, l\u2019Acad\u00e9mie a accompagn\u00e9 plusieurs g\u00e9n\u00e9rations de jeunes musiciens aujourd\u2019hui au sommet. Elle s\u2019inscrit d\u00e9sormais dans le nouveau projet du Festival Ravel qui voit le jour en 2021: manifestation [&hellip;]<\/p>\n","protected":false},"author":1,"featured_media":0,"parent":0,"menu_order":0,"comment_status":"closed","ping_status":"closed","template":"academie.php","meta":{"_acf_changed":false,"footnotes":""},"class_list":["post-30025","page","type-page","status-publish","hentry"],"acf":[],"yoast_head":"<!-- This site is optimized with the Yoast SEO plugin v26.5 - https:\/\/yoast.com\/wordpress\/plugins\/seo\/ -->\n<title>Acad\u00e9mie Ravel 2021 - Festival Ravel<\/title>\n<meta name=\"robots\" content=\"index, follow, max-snippet:-1, max-image-preview:large, max-video-preview:-1\" \/>\n<link rel=\"canonical\" href=\"https:\/\/festivalravel.fr\/academie-2021\/\" \/>\n<meta property=\"og:locale\" content=\"en_US\" \/>\n<meta property=\"og:type\" content=\"article\" \/>\n<meta property=\"og:title\" content=\"Acad\u00e9mie Ravel 2021 - Festival Ravel\" \/>\n<meta property=\"og:description\" content=\"Au cours de plus de 50 ann\u00e9es d\u2019existence, marqu\u00e9es par la venue des plus grands artistes-p\u00e9dagogues: Bernac, Bacquier, Perlem\u00fcter, Ciccolini, Gendron, Ferras, Fleisher, B\u00e9roff, et tant d\u2019autres, l\u2019Acad\u00e9mie a accompagn\u00e9 plusieurs g\u00e9n\u00e9rations de jeunes musiciens aujourd\u2019hui au sommet. Elle s\u2019inscrit d\u00e9sormais dans le nouveau projet du Festival Ravel qui voit le jour en 2021: manifestation [&hellip;]\" \/>\n<meta property=\"og:url\" content=\"https:\/\/festivalravel.fr\/academie-2021\/\" \/>\n<meta property=\"og:site_name\" content=\"Festival Ravel\" \/>\n<meta property=\"article:modified_time\" content=\"2025-02-25T04:24:32+00:00\" \/>\n<meta name=\"twitter:card\" content=\"summary_large_image\" \/>\n<meta name=\"twitter:label1\" content=\"Est. reading time\" \/>\n\t<meta name=\"twitter:data1\" content=\"1 minute\" \/>\n<script type=\"application\/ld+json\" class=\"yoast-schema-graph\">{\"@context\":\"https:\/\/schema.org\",\"@graph\":[{\"@type\":\"WebPage\",\"@id\":\"https:\/\/festivalravel.fr\/academie-2021\/\",\"url\":\"https:\/\/festivalravel.fr\/academie-2021\/\",\"name\":\"Acad\u00e9mie Ravel 2021 - Festival Ravel\",\"isPartOf\":{\"@id\":\"https:\/\/festivalravel.fr\/#website\"},\"datePublished\":\"2021-04-29T07:44:35+00:00\",\"dateModified\":\"2025-02-25T04:24:32+00:00\",\"breadcrumb\":{\"@id\":\"https:\/\/festivalravel.fr\/academie-2021\/#breadcrumb\"},\"inLanguage\":\"en-US\",\"potentialAction\":[{\"@type\":\"ReadAction\",\"target\":[\"https:\/\/festivalravel.fr\/academie-2021\/\"]}]},{\"@type\":\"BreadcrumbList\",\"@id\":\"https:\/\/festivalravel.fr\/academie-2021\/#breadcrumb\",\"itemListElement\":[{\"@type\":\"ListItem\",\"position\":1,\"name\":\"Accueil\",\"item\":\"https:\/\/festivalravel.fr\/en\/\"},{\"@type\":\"ListItem\",\"position\":2,\"name\":\"Acad\u00e9mie Ravel 2021\"}]},{\"@type\":\"WebSite\",\"@id\":\"https:\/\/festivalravel.fr\/#website\",\"url\":\"https:\/\/festivalravel.fr\/\",\"name\":\"Festival Ravel\",\"description\":\"Un grand rendez-vous musical en Nouvelle Aquitaine\",\"potentialAction\":[{\"@type\":\"SearchAction\",\"target\":{\"@type\":\"EntryPoint\",\"urlTemplate\":\"https:\/\/festivalravel.fr\/?s={search_term_string}\"},\"query-input\":{\"@type\":\"PropertyValueSpecification\",\"valueRequired\":true,\"valueName\":\"search_term_string\"}}],\"inLanguage\":\"en-US\"}]}<\/script>\n<!-- \/ Yoast SEO plugin. -->","yoast_head_json":{"title":"Acad\u00e9mie Ravel 2021 - Festival Ravel","robots":{"index":"index","follow":"follow","max-snippet":"max-snippet:-1","max-image-preview":"max-image-preview:large","max-video-preview":"max-video-preview:-1"},"canonical":"https:\/\/festivalravel.fr\/academie-2021\/","og_locale":"en_US","og_type":"article","og_title":"Acad\u00e9mie Ravel 2021 - Festival Ravel","og_description":"Au cours de plus de 50 ann\u00e9es d\u2019existence, marqu\u00e9es par la venue des plus grands artistes-p\u00e9dagogues: Bernac, Bacquier, Perlem\u00fcter, Ciccolini, Gendron, Ferras, Fleisher, B\u00e9roff, et tant d\u2019autres, l\u2019Acad\u00e9mie a accompagn\u00e9 plusieurs g\u00e9n\u00e9rations de jeunes musiciens aujourd\u2019hui au sommet. Elle s\u2019inscrit d\u00e9sormais dans le nouveau projet du Festival Ravel qui voit le jour en 2021: manifestation [&hellip;]","og_url":"https:\/\/festivalravel.fr\/academie-2021\/","og_site_name":"Festival Ravel","article_modified_time":"2025-02-25T04:24:32+00:00","twitter_card":"summary_large_image","twitter_misc":{"Est. reading time":"1 minute"},"schema":{"@context":"https:\/\/schema.org","@graph":[{"@type":"WebPage","@id":"https:\/\/festivalravel.fr\/academie-2021\/","url":"https:\/\/festivalravel.fr\/academie-2021\/","name":"Acad\u00e9mie Ravel 2021 - Festival Ravel","isPartOf":{"@id":"https:\/\/festivalravel.fr\/#website"},"datePublished":"2021-04-29T07:44:35+00:00","dateModified":"2025-02-25T04:24:32+00:00","breadcrumb":{"@id":"https:\/\/festivalravel.fr\/academie-2021\/#breadcrumb"},"inLanguage":"en-US","potentialAction":[{"@type":"ReadAction","target":["https:\/\/festivalravel.fr\/academie-2021\/"]}]},{"@type":"BreadcrumbList","@id":"https:\/\/festivalravel.fr\/academie-2021\/#breadcrumb","itemListElement":[{"@type":"ListItem","position":1,"name":"Accueil","item":"https:\/\/festivalravel.fr\/en\/"},{"@type":"ListItem","position":2,"name":"Acad\u00e9mie Ravel 2021"}]},{"@type":"WebSite","@id":"https:\/\/festivalravel.fr\/#website","url":"https:\/\/festivalravel.fr\/","name":"Festival Ravel","description":"Un grand rendez-vous musical en Nouvelle Aquitaine","potentialAction":[{"@type":"SearchAction","target":{"@type":"EntryPoint","urlTemplate":"https:\/\/festivalravel.fr\/?s={search_term_string}"},"query-input":{"@type":"PropertyValueSpecification","valueRequired":true,"valueName":"search_term_string"}}],"inLanguage":"en-US"}]}},"_links":{"self":[{"href":"https:\/\/festivalravel.fr\/en\/wp-json\/wp\/v2\/pages\/30025","targetHints":{"allow":["GET"]}}],"collection":[{"href":"https:\/\/festivalravel.fr\/en\/wp-json\/wp\/v2\/pages"}],"about":[{"href":"https:\/\/festivalravel.fr\/en\/wp-json\/wp\/v2\/types\/page"}],"author":[{"embeddable":true,"href":"https:\/\/festivalravel.fr\/en\/wp-json\/wp\/v2\/users\/1"}],"replies":[{"embeddable":true,"href":"https:\/\/festivalravel.fr\/en\/wp-json\/wp\/v2\/comments?post=30025"}],"version-history":[{"count":5,"href":"https:\/\/festivalravel.fr\/en\/wp-json\/wp\/v2\/pages\/30025\/revisions"}],"predecessor-version":[{"id":37320,"href":"https:\/\/festivalravel.fr\/en\/wp-json\/wp\/v2\/pages\/30025\/revisions\/37320"}],"wp:attachment":[{"href":"https:\/\/festivalravel.fr\/en\/wp-json\/wp\/v2\/media?parent=30025"}],"curies":[{"name":"wp","href":"https:\/\/api.w.org\/{rel}","templated":true}]}}